{"id":39,"date":"2013-08-14T08:42:37","date_gmt":"2013-08-14T06:42:37","guid":{"rendered":"http:\/\/mediation-als-chance.com\/wp\/?page_id=39"},"modified":"2024-04-22T12:20:54","modified_gmt":"2024-04-22T10:20:54","slug":"impressum","status":"publish","type":"page","link":"https:\/\/silja-rothe.com\/wp\/impressum\/","title":{"rendered":"IMPRESSUM"},"content":{"rendered":"<table>\n<tbody>\n<tr>\n<td>Angaben gem\u00e4\u00df \u00a7 5 TMG:<\/p>\n<h3>Silja Rothe<\/h3>\n<p>Somatic Experiencing | Traumatherapie<\/p>\n<p>Schwarzwaldweg 10a<br \/>\n65462 Ginsheim-Gustavsburg<\/p>\n<p>Telefon: +49 152 335 142 97<br \/>\nE-Mail: <a href=\"mailto:mail@silja-rothe.com\">mail(at)silja-rothe.com<\/a><br \/>\nInternet: www.silja-rothe.com<\/p>\n<h3>Zust\u00e4ndige Aufsichtsbeh\u00f6rde:<\/h3>\n<p>Gesundheitsamt Kreis Gro\u00df-Gerau, Wilhelm-Seipp-Stra\u00dfe 9, 64521 Gro\u00df-Gerau<\/p>\n<p>Telefon: 06152 989-0<br \/>\nFax: 06152 989-133<br \/>\nE-Mail: <a class=\"mail\" title=\"\u00d6ffnet ein Fenster zum Versenden der E-Mail\" href=\"https:\/\/www.kreisgg.de\/gesellschaft\/gesundheit\/startseite-gesundheitsamt#\" data-mailto-token=\"ocknvq,kphqBmtgkuii0fg\" data-mailto-vector=\"2\">info@kreisgg.de<\/a><\/p>\n<p>Webadresse:<a href=\"https:\/\/www.kreisgg.de\/\"> https:\/\/www.kreisgg.de\/<\/a><\/p>\n<p>Beh\u00f6rdliche Zulassung als Heilpraktikerin &#8211; Bereich Psychotherapie durch das Gesundheitsamt Wiesbaden am 20.05.2019<\/p>\n<h3>Berufshaftpflichtversicherung:<\/h3>\n<p>Continentale Sachversicherung AG, Ruhrallee 92, 44139 Dortmund<br \/>\nR\u00e4umlicher Geltungsbereich: im gesamten EU-Gebiet<\/p>\n<h3>Berufsrechtliche Regelungen:<\/h3>\n<p>Die T\u00e4tigkeit als Heilpraktikerin &#8211; Bereich Psychotherapie basiert auf dem Heilpraktikergesetz vom 17.Februar 1939 (RGBI. I S.251), der ersten Durchf\u00fchrungsverordnung zum Heilpraktikergesetz und der Berufsordnung f\u00fcr Heilpraktiker.<br \/>\nRegelungen einsehbar unter:<br \/>\nhttps:\/\/www.gesetze-im-internet.de\/heilprg\/BJNR002510939.html<\/p>\n<h3>Verantwortlich f\u00fcr den Inhalt nach \u00a7 55 Abs. 2 RStV:<\/h3>\n<p>Silja Rothe<br \/>\nSchwarzwaldweg 10a<br \/>\n65462 Ginsheim-Gustavsburg<\/p>\n<h3>Webdesign:<\/h3>\n<p>Melanie Wiener<br \/>\nGreifswalder Stra\u00dfe 29<br \/>\nQuergeb\u00e4ude Links, 1.OG<br \/>\n10405 Berlin<\/p>\n<p>+49.(0)176.21 687 955<\/p>\n<p>www.grafikbuero.berlin<\/p>\n<p>Quelle: <i><a href=\"http:\/\/www.e-recht24.de\" rel=\"nofollow\">http:\/\/www.e-recht24.de<\/a><\/i><\/p>\n<h3>Haftungsausschluss:<\/h3>\n<h3>Haftung f\u00fcr Inhalte<\/h3>\n<p>Als Diensteanbieter sind wir gem\u00e4\u00df \u00a7 7 Abs.1 TMG f\u00fcr eigene Inhalte auf diesen Seiten nach den allgemeinen Gesetzen verantwortlich. Nach \u00a7\u00a7 8 bis 10 TMG sind wir als Diensteanbieter jedoch nicht verpflichtet, \u00fcbermittelte oder gespeicherte fremde Informationen zu \u00fcberwachen oder nach Umst\u00e4nden zu forschen, die auf eine rechtswidrige T\u00e4tigkeit hinweisen.<br \/>\nVerpflichtungen zur Entfernung oder Sperrung der Nutzung von Informationen nach den allgemeinen Gesetzen bleiben hiervon unber\u00fchrt. Eine diesbez\u00fcgliche Haftung ist jedoch erst ab dem Zeitpunkt der Kenntnis einer konkreten Rechtsverletzung m\u00f6glich. Bei Bekanntwerden von entsprechenden Rechtsverletzungen werden wir diese Inhalte umgehend entfernen.<\/p>\n<h3>Haftung f\u00fcr Links<\/h3>\n<p>Unser Angebot enth\u00e4lt Links zu externen Websites Dritter, auf deren Inhalte wir keinen Einfluss haben. Deshalb k\u00f6nnen wir f\u00fcr diese fremden Inhalte auch keine Gew\u00e4hr \u00fcbernehmen. F\u00fcr die Inhalte der verlinkten Seiten ist stets der jeweilige Anbieter oder Betreiber der Seiten verantwortlich. Die verlinkten Seiten wurden zum Zeitpunkt der Verlinkung auf m\u00f6gliche Rechtsverst\u00f6\u00dfe \u00fcberpr\u00fcft. Rechtswidrige Inhalte waren zum Zeitpunkt der Verlinkung nicht erkennbar.<br \/>\nEine permanente inhaltliche Kontrolle der verlinkten Seiten ist jedoch ohne konkrete Anhaltspunkte einer Rechtsverletzung nicht zumutbar. Bei Bekanntwerden von Rechtsverletzungen werden wir derartige Links umgehend entfernen.<\/p>\n<h3>Urheberrecht<\/h3>\n<p>Die durch die Seitenbetreiber erstellten Inhalte und Werke auf diesen Seiten unterliegen dem deutschen Urheberrecht. Die Vervielf\u00e4ltigung, Bearbeitung, Verbreitung und jede Art der Verwertung au\u00dferhalb der Grenzen des Urheberrechtes bed\u00fcrfen der schriftlichen Zustimmung des jeweiligen Autors bzw. Erstellers.<br \/>\nDownloads und Kopien dieser Seite sind nur f\u00fcr den privaten, nicht kommerziellen Gebrauch gestattet. Soweit die Inhalte auf dieser Seite nicht vom Betreiber erstellt wurden, werden die Urheberrechte Dritter beachtet. Insbesondere werden Inhalte Dritter als solche gekennzeichnet. Sollten Sie trotzdem auf eine<br \/>\nUrheberrechtsverletzung aufmerksam werden, bitten wir um einen entsprechenden Hinweis. Bei Bekanntwerden von Rechtsverletzungen werden wir derartige Inhalte umgehend entfernen.<\/p>\n<p><i>Quellenangaben: <a href=\"http:\/\/www.e-recht24.de\/muster-disclaimer.htm\" target=\"_blank\" rel=\"nofollow noopener noreferrer\">Disclaimer eRecht24<\/a><\/i><\/p>\n<p>&nbsp;<\/p>\n<p>&nbsp;<\/p>\n<p>&nbsp;<\/td>\n<\/tr>\n<\/tbody>\n<\/table>\n","protected":false},"excerpt":{"rendered":"<p>Angaben gem\u00e4\u00df \u00a7 5 TMG: Silja Rothe Somatic Experiencing | Traumatherapie Schwarzwaldweg 10a 65462 Ginsheim-Gustavsburg Telefon: +49 152 335 142 97 E-Mail: mail(at)silja-rothe.com Internet: www.silja-rothe.com Zust\u00e4ndige Aufsichtsbeh\u00f6rde: Gesundheitsamt Kreis Gro\u00df-Gerau, Wilhelm-Seipp-Stra\u00dfe 9, 64521 Gro\u00df-Gerau Telefon: 06152 989-0 Fax: 06152 989-133 E-Mail: info@kreisgg.de Webadresse: https:\/\/www.kreisgg.de\/ Beh\u00f6rdliche Zulassung als Heilpraktikerin &#8211; Bereich Psychotherapie durch das Gesundheitsamt Wiesbaden [&hellip;]<\/p>\n","protected":false},"author":1,"featured_media":0,"parent":0,"menu_order":0,"comment_status":"closed","ping_status":"open","template":"","meta":{"footnotes":""},"_links":{"self":[{"href":"https:\/\/silja-rothe.com\/wp\/wp-json\/wp\/v2\/pages\/39"}],"collection":[{"href":"https:\/\/silja-rothe.com\/wp\/wp-json\/wp\/v2\/pages"}],"about":[{"href":"https:\/\/silja-rothe.com\/wp\/wp-json\/wp\/v2\/types\/page"}],"author":[{"embeddable":true,"href":"https:\/\/silja-rothe.com\/wp\/wp-json\/wp\/v2\/users\/1"}],"replies":[{"embeddable":true,"href":"https:\/\/silja-rothe.com\/wp\/wp-json\/wp\/v2\/comments?post=39"}],"version-history":[{"count":41,"href":"https:\/\/silja-rothe.com\/wp\/wp-json\/wp\/v2\/pages\/39\/revisions"}],"predecessor-version":[{"id":374,"href":"https:\/\/silja-rothe.com\/wp\/wp-json\/wp\/v2\/pages\/39\/revisions\/374"}],"wp:attachment":[{"href":"https:\/\/silja-rothe.com\/wp\/wp-json\/wp\/v2\/media?parent=39"}],"curies":[{"name":"wp","href":"https:\/\/api.w.org\/{rel}","templated":true}]}}